{"id":14,"date":"2024-06-05T15:18:27","date_gmt":"2024-06-05T15:18:27","guid":{"rendered":"https:\/\/london-tower-tickets.com\/?page_id=14"},"modified":"2024-10-24T10:12:39","modified_gmt":"2024-10-24T10:12:39","slug":"privacy-cookie-policy","status":"publish","type":"page","link":"https:\/\/london-tower-tickets.com\/fr\/privacy-cookie-policy\/","title":{"rendered":"Politique de Confidentialit\u00e9 et de Cookies"},"content":{"rendered":"<div style=\"height:95px\" aria-hidden=\"true\" class=\"wp-block-spacer\"><\/div>\n\n\n\n<h1 class=\"wp-block-heading has-text-align-center has-text-color has-link-color wp-elements-3abe5095a18ebe6264d38bfb8c7a417a\" style=\"color:#a87e00\">Politique de Confidentialit\u00e9 et de Cookies<\/h1>\n\n\n\n<p>Your privacy is important to us. In\u00a0<a href=\"https:\/\/london-tower-tickets.com\/fr\/\" target=\"_blank\" rel=\"noreferrer noopener\"><strong>www.london-tower-tickets.com<\/strong><\/a>\u00a0we respect your privacy and information that may be collected on your visit. Read our Privacy and Cookie Policy for further information.<\/p>\n\n\n\n<p>Personal information is requested only when it is really necessary to provide you with a service. This request is made through fair and legal means, with your knowledge and consent. We also tell you why that information is collected and how it will be used.<\/p>\n\n\n\n<p>The information collected is only retained for the time necessary to provide the requested service. When data is stored, it is protected using commercially acceptable means to prevent loss and theft, as well as unauthorized access, disclosure, copying, use or modification.<\/p>\n\n\n\n<p>Personally identifiable information is not shared publicly or with third parties, except when required by law.<\/p>\n\n\n\n<p>This<strong>\u00a0website<\/strong>\u00a0may contain links to\u00a0<strong>external websites<\/strong>\u00a0that are not operated by us. Please be aware that this\u00a0<strong>website<\/strong>\u00a0has no control over the content and practices of those websites, and cannot accept responsibility for their respective privacy policies.<\/p>\n\n\n\n<p>The user is free to refuse providing the requested personal information, understanding that some of the desired services may not be provided.<\/p>\n\n\n\n<p>The continued use of this website will be considered as an acceptance of the practices around privacy and personal information. If you have any questions about how user data and personal information are managed, or about our privacy policy in general please&nbsp;contact us on&nbsp;<strong><a href=\"mailto:info@london-tower-tickets.com\" target=\"_blank\" rel=\"noreferrer noopener\">info@london-tower-tickets.com<\/a><\/strong>.<\/p>\n\n\n\n<h2 class=\"wp-block-heading\" style=\"font-size:20px\"><strong>What Personal Data Is Collected And Why<\/strong><\/h2>\n\n\n\n<p>Personal data is not created solely by the interaction of users with the website. Personal data is created through technical processes such as contact forms, comments, cookies, analytical data, and the incorporation of third parties.<\/p>\n\n\n\n<h2 class=\"wp-block-heading\" style=\"font-size:20px\"><strong>Cookie Policy<\/strong><\/h2>\n\n\n\n<script id=\"CookieDeclaration\" src=\"https:\/\/consent.cookiebot.com\/82428623-ae34-4529-8bc8-75bb7f53c073\/cd.js\" type=\"text\/javascript\" async><\/script>\n\n\n\n<h2 class=\"wp-block-heading\" style=\"font-size:20px\"><strong>Embedded Content From Other Websites<\/strong><\/h2>\n\n\n\n<ul class=\"wp-block-list\">\n<li>This website may include embedded content (for example: videos, images, articles, etc.). The embedded content from other websites behaves as if the user is visiting those websites.<\/li>\n<\/ul>\n\n\n\n<h2 class=\"wp-block-heading\" style=\"font-size:20px\"><strong>The Rights You Have Over Your Data<\/strong><\/h2>\n\n\n\n<p>If you have left comments on this website, you can request to receive an export file with the personal data stored about you, including any personal data you have specified. You can also request that the saved data is deleted. This does not include any personal data that is required to be kept for administrative, legal or security purposes.<\/p>\n\n\n\n<p>If you have any questions about our privacy policy or wish to change, update or remove any personal information, send an email to\u00a0info@london-tower-tickets.com.<\/p>\n\n\n\n<p>If you have any questions regarding the general terms and conditions concerning the use of this website, check our <a href=\"https:\/\/london-tower-tickets.com\/fr\/terms-conditions\/\">Terms&amp;Conditions<\/a> page.\u00a0<\/p>\n\n\n\n<div style=\"height:33px\" aria-hidden=\"true\" class=\"wp-block-spacer\"><\/div>","protected":false},"excerpt":{"rendered":"<p>Privacy and Cookie Policy Your privacy is important to us. In\u00a0www.london-tower-tickets.com\u00a0we respect your privacy and information that may be collected [&hellip;]<\/p>\n","protected":false},"author":1,"featured_media":0,"parent":0,"menu_order":0,"comment_status":"closed","ping_status":"closed","template":"","meta":{"_uag_custom_page_level_css":"","site-sidebar-layout":"default","site-content-layout":"","ast-site-content-layout":"default","site-content-style":"default","site-sidebar-style":"default","ast-global-header-display":"","ast-banner-title-visibility":"","ast-main-header-display":"","ast-hfb-above-header-display":"","ast-hfb-below-header-display":"","ast-hfb-mobile-header-display":"","site-post-title":"disabled","ast-breadcrumbs-content":"","ast-featured-img":"","footer-sml-layout":"","ast-disable-related-posts":"","theme-transparent-header-meta":"","adv-header-id-meta":"","stick-header-meta":"","header-above-stick-meta":"","header-main-stick-meta":"","header-below-stick-meta":"","astra-migrate-meta-layouts":"default","ast-page-background-enabled":"default","ast-page-background-meta":{"desktop":{"background-color":"var(--ast-global-color-4)","background-image":"","background-repeat":"repeat","background-position":"center center","background-size":"auto","background-attachment":"scroll","background-type":"","background-media":"","overlay-type":"","overlay-color":"","overlay-opacity":"","overlay-gradient":""},"tablet":{"background-color":"","background-image":"","background-repeat":"repeat","background-position":"center center","background-size":"auto","background-attachment":"scroll","background-type":"","background-media":"","overlay-type":"","overlay-color":"","overlay-opacity":"","overlay-gradient":""},"mobile":{"background-color":"","background-image":"","background-repeat":"repeat","background-position":"center center","background-size":"auto","background-attachment":"scroll","background-type":"","background-media":"","overlay-type":"","overlay-color":"","overlay-opacity":"","overlay-gradient":""}},"ast-content-background-meta":{"desktop":{"background-color":"var(--ast-global-color-5)","background-image":"","background-repeat":"repeat","background-position":"center center","background-size":"auto","background-attachment":"scroll","background-type":"","background-media":"","overlay-type":"","overlay-color":"","overlay-opacity":"","overlay-gradient":""},"tablet":{"background-color":"var(--ast-global-color-5)","background-image":"","background-repeat":"repeat","background-position":"center center","background-size":"auto","background-attachment":"scroll","background-type":"","background-media":"","overlay-type":"","overlay-color":"","overlay-opacity":"","overlay-gradient":""},"mobile":{"background-color":"var(--ast-global-color-5)","background-image":"","background-repeat":"repeat","background-position":"center center","background-size":"auto","background-attachment":"scroll","background-type":"","background-media":"","overlay-type":"","overlay-color":"","overlay-opacity":"","overlay-gradient":""}},"footnotes":""},"class_list":["post-14","page","type-page","status-publish","hentry"],"yoast_head":"<!-- This site is optimized with the Yoast SEO plugin v27.5 - https:\/\/yoast.com\/product\/yoast-seo-wordpress\/ -->\n<title>Privacy and Cookie Policy - Tower of London Online Tickets<\/title>\n<meta name=\"description\" content=\"Your privacy is important to us. We respect your privacy and information that may be collected. Read our Privacy and Cookie Policy\" \/>\n<meta name=\"robots\" content=\"index, follow, max-snippet:-1, max-image-preview:large, max-video-preview:-1\" \/>\n<link rel=\"canonical\" href=\"https:\/\/london-tower-tickets.com\/fr\/privacy-cookie-policy\/\" \/>\n<meta property=\"og:locale\" content=\"fr_FR\" \/>\n<meta property=\"og:type\" content=\"article\" \/>\n<meta property=\"og:title\" content=\"Privacy and Cookie Policy - Tower of London Online Tickets\" \/>\n<meta property=\"og:description\" content=\"Your privacy is important to us. We respect your privacy and information that may be collected. Read our Privacy and Cookie Policy\" \/>\n<meta property=\"og:url\" content=\"https:\/\/london-tower-tickets.com\/fr\/privacy-cookie-policy\/\" \/>\n<meta property=\"og:site_name\" content=\"Tower of London Tickets\" \/>\n<meta property=\"article:modified_time\" content=\"2024-10-24T10:12:39+00:00\" \/>\n<meta name=\"twitter:card\" content=\"summary_large_image\" \/>\n<meta name=\"twitter:label1\" content=\"Dur\u00e9e de lecture estim\u00e9e\" \/>\n\t<meta name=\"twitter:data1\" content=\"2 minutes\" \/>\n<script type=\"application\/ld+json\" class=\"yoast-schema-graph\">{\"@context\":\"https:\\\/\\\/schema.org\",\"@graph\":[{\"@type\":\"WebPage\",\"@id\":\"https:\\\/\\\/london-tower-tickets.com\\\/privacy-cookie-policy\\\/\",\"url\":\"https:\\\/\\\/london-tower-tickets.com\\\/privacy-cookie-policy\\\/\",\"name\":\"Privacy and Cookie Policy - Tower of London Online Tickets\",\"isPartOf\":{\"@id\":\"https:\\\/\\\/london-tower-tickets.com\\\/#website\"},\"datePublished\":\"2024-06-05T15:18:27+00:00\",\"dateModified\":\"2024-10-24T10:12:39+00:00\",\"description\":\"Your privacy is important to us. We respect your privacy and information that may be collected. Read our Privacy and Cookie Policy\",\"breadcrumb\":{\"@id\":\"https:\\\/\\\/london-tower-tickets.com\\\/privacy-cookie-policy\\\/#breadcrumb\"},\"inLanguage\":\"fr-FR\",\"potentialAction\":[{\"@type\":\"ReadAction\",\"target\":[\"https:\\\/\\\/london-tower-tickets.com\\\/privacy-cookie-policy\\\/\"]}]},{\"@type\":\"BreadcrumbList\",\"@id\":\"https:\\\/\\\/london-tower-tickets.com\\\/privacy-cookie-policy\\\/#breadcrumb\",\"itemListElement\":[{\"@type\":\"ListItem\",\"position\":1,\"name\":\"Home\",\"item\":\"https:\\\/\\\/london-tower-tickets.com\\\/\"},{\"@type\":\"ListItem\",\"position\":2,\"name\":\"Privacy and Cookie Policy\"}]},{\"@type\":\"WebSite\",\"@id\":\"https:\\\/\\\/london-tower-tickets.com\\\/#website\",\"url\":\"https:\\\/\\\/london-tower-tickets.com\\\/\",\"name\":\"Tower of London Tickets\",\"description\":\"Tower of London Tickets\",\"publisher\":{\"@id\":\"https:\\\/\\\/london-tower-tickets.com\\\/#organization\"},\"potentialAction\":[{\"@type\":\"SearchAction\",\"target\":{\"@type\":\"EntryPoint\",\"urlTemplate\":\"https:\\\/\\\/london-tower-tickets.com\\\/?s={search_term_string}\"},\"query-input\":{\"@type\":\"PropertyValueSpecification\",\"valueRequired\":true,\"valueName\":\"search_term_string\"}}],\"inLanguage\":\"fr-FR\"},{\"@type\":\"Organization\",\"@id\":\"https:\\\/\\\/london-tower-tickets.com\\\/#organization\",\"name\":\"Tower of London Tickets\",\"url\":\"https:\\\/\\\/london-tower-tickets.com\\\/\",\"logo\":{\"@type\":\"ImageObject\",\"inLanguage\":\"fr-FR\",\"@id\":\"https:\\\/\\\/london-tower-tickets.com\\\/#\\\/schema\\\/logo\\\/image\\\/\",\"url\":\"https:\\\/\\\/london-tower-tickets.com\\\/wp-content\\\/uploads\\\/2024\\\/08\\\/Logo.webp\",\"contentUrl\":\"https:\\\/\\\/london-tower-tickets.com\\\/wp-content\\\/uploads\\\/2024\\\/08\\\/Logo.webp\",\"width\":500,\"height\":500,\"caption\":\"Tower of London Tickets\"},\"image\":{\"@id\":\"https:\\\/\\\/london-tower-tickets.com\\\/#\\\/schema\\\/logo\\\/image\\\/\"}}]}<\/script>\n<!-- \/ Yoast SEO plugin. -->","yoast_head_json":{"title":"Politique de Confidentialit\u00e9 - Billets Tour de Londres","description":"Nous respectons votre vie priv\u00e9e. Consultez notre Politique de confidentialit\u00e9.","robots":{"index":"index","follow":"follow","max-snippet":"max-snippet:-1","max-image-preview":"max-image-preview:large","max-video-preview":"max-video-preview:-1"},"canonical":"https:\/\/london-tower-tickets.com\/fr\/privacy-cookie-policy\/","og_locale":"fr_FR","og_type":"article","og_title":"Privacy and Cookie Policy - Tower of London Online Tickets","og_description":"Your privacy is important to us. We respect your privacy and information that may be collected. Read our Privacy and Cookie Policy","og_url":"https:\/\/london-tower-tickets.com\/fr\/privacy-cookie-policy\/","og_site_name":"Tower of London Tickets","article_modified_time":"2024-10-24T10:12:39+00:00","twitter_card":"summary_large_image","twitter_misc":{"Dur\u00e9e de lecture estim\u00e9e":"2 minutes"},"schema":{"@context":"https:\/\/schema.org","@graph":[{"@type":"WebPage","@id":"https:\/\/london-tower-tickets.com\/privacy-cookie-policy\/","url":"https:\/\/london-tower-tickets.com\/privacy-cookie-policy\/","name":"Politique de Confidentialit\u00e9 - Billets Tour de Londres","isPartOf":{"@id":"https:\/\/london-tower-tickets.com\/#website"},"datePublished":"2024-06-05T15:18:27+00:00","dateModified":"2024-10-24T10:12:39+00:00","description":"Nous respectons votre vie priv\u00e9e. Consultez notre Politique de confidentialit\u00e9.","breadcrumb":{"@id":"https:\/\/london-tower-tickets.com\/privacy-cookie-policy\/#breadcrumb"},"inLanguage":"fr-FR","potentialAction":[{"@type":"ReadAction","target":["https:\/\/london-tower-tickets.com\/privacy-cookie-policy\/"]}]},{"@type":"BreadcrumbList","@id":"https:\/\/london-tower-tickets.com\/privacy-cookie-policy\/#breadcrumb","itemListElement":[{"@type":"ListItem","position":1,"name":"Home","item":"https:\/\/london-tower-tickets.com\/"},{"@type":"ListItem","position":2,"name":"Privacy and Cookie Policy"}]},{"@type":"WebSite","@id":"https:\/\/london-tower-tickets.com\/#website","url":"https:\/\/london-tower-tickets.com\/","name":"Billets Tour de Londres","description":"Billets Tour de Londres","publisher":{"@id":"https:\/\/london-tower-tickets.com\/#organization"},"potentialAction":[{"@type":"SearchAction","target":{"@type":"EntryPoint","urlTemplate":"https:\/\/london-tower-tickets.com\/?s={search_term_string}"},"query-input":{"@type":"PropertyValueSpecification","valueRequired":true,"valueName":"search_term_string"}}],"inLanguage":"fr-FR"},{"@type":"Organization","@id":"https:\/\/london-tower-tickets.com\/#organization","name":"Billets Tour de Londres","url":"https:\/\/london-tower-tickets.com\/","logo":{"@type":"ImageObject","inLanguage":"fr-FR","@id":"https:\/\/london-tower-tickets.com\/#\/schema\/logo\/image\/","url":"https:\/\/london-tower-tickets.com\/wp-content\/uploads\/2024\/08\/Logo.webp","contentUrl":"https:\/\/london-tower-tickets.com\/wp-content\/uploads\/2024\/08\/Logo.webp","width":500,"height":500,"caption":"Tower of London Tickets"},"image":{"@id":"https:\/\/london-tower-tickets.com\/#\/schema\/logo\/image\/"}}]}},"uagb_featured_image_src":{"full":false,"thumbnail":false,"medium":false,"medium_large":false,"large":false,"1536x1536":false,"2048x2048":false,"trp-custom-language-flag":false},"uagb_author_info":{"display_name":"admin5288","author_link":"https:\/\/london-tower-tickets.com\/fr\/author\/admin5288\/"},"uagb_comment_info":0,"uagb_excerpt":"Privacy and Cookie Policy Your privacy is important to us. In\u00a0www.london-tower-tickets.com\u00a0we respect your privacy and information that may be collected [&hellip;]","_links":{"self":[{"href":"https:\/\/london-tower-tickets.com\/fr\/wp-json\/wp\/v2\/pages\/14","targetHints":{"allow":["GET"]}}],"collection":[{"href":"https:\/\/london-tower-tickets.com\/fr\/wp-json\/wp\/v2\/pages"}],"about":[{"href":"https:\/\/london-tower-tickets.com\/fr\/wp-json\/wp\/v2\/types\/page"}],"author":[{"embeddable":true,"href":"https:\/\/london-tower-tickets.com\/fr\/wp-json\/wp\/v2\/users\/1"}],"replies":[{"embeddable":true,"href":"https:\/\/london-tower-tickets.com\/fr\/wp-json\/wp\/v2\/comments?post=14"}],"version-history":[{"count":10,"href":"https:\/\/london-tower-tickets.com\/fr\/wp-json\/wp\/v2\/pages\/14\/revisions"}],"predecessor-version":[{"id":422,"href":"https:\/\/london-tower-tickets.com\/fr\/wp-json\/wp\/v2\/pages\/14\/revisions\/422"}],"wp:attachment":[{"href":"https:\/\/london-tower-tickets.com\/fr\/wp-json\/wp\/v2\/media?parent=14"}],"curies":[{"name":"wp","href":"https:\/\/api.w.org\/{rel}","templated":true}]}}